{"id":5791,"date":"2024-06-07T13:35:06","date_gmt":"2024-06-07T06:35:06","guid":{"rendered":"https:\/\/tlsmajesty.com.vn\/?post_type=product&#038;p=5791"},"modified":"2025-01-17T10:44:24","modified_gmt":"2025-01-17T03:44:24","slug":"majesty-prestigio-13-black-driver","status":"publish","type":"product","link":"https:\/\/tlsmajesty.com.vn\/en\/product\/majesty-prestigio-13-black-driver\/","title":{"rendered":"Majesty Prestigio 13 Black Driver"},"content":{"rendered":"<p>Introducing Majesty Prestigio 13 Black Driver.<\/p>\n<p>The Majesty Prestigio 13 Black Driver is a masterpiece of design that symbolizes strength, growth, and success for golfers who challenge themselves. It has a unique \"Cyclone Cup Face\" that connects straight lines in a spiral shape, improving flexibility and reducing the club face's interference. This results in a larger impact area, higher moment of inertia, and more stable trajectory. The club also has a low center of gravity, producing a high and low-spin flight.<\/p>\n<p>The Majesty Prestigio 13 Black Driver also delivers a comfortable and satisfying sound at impact. The titanium monocoque structure allows for a smooth energy transfer, while the double rail rib increases the sole rigidity, creating a deep and resonant sound. The club also has a Double Power EI Design that helps golfers swing easily and finish smoothly.<\/p>\n<p>The Majesty Prestigio 13 Black Driver is not only a high-performance club, but also a stylish accessory. It comes with an original head cover with a magnetic closure and a striking bicolor design.<\/p>\n<p>The Majesty Prestigio 13 Black Driver shows off your personality and taste on the golf course.<\/p>","protected":false},"excerpt":{"rendered":"<p>Gi\u1edbi Thi\u1ec7u G\u1eady Driver Majesty Prestigio 13 M\u00e0u \u0110en. G\u1eady Driver Majesty Prestigio 13 M\u00e0u \u0110en l\u00e0 t\u00e1c ph\u1ea9m thi\u1ebft k\u1ebf \u0111\u1ec9nh cao, bi\u1ec3u t\u01b0\u1ee3ng c\u1ee7a s\u1ee9c m\u1ea1nh, s\u1ef1 ph\u00e1t tri\u1ec3n v\u00e0 th\u00e0nh c\u00f4ng d\u00e0nh cho golfer mu\u1ed1n th\u00e1ch th\u1ee9c b\u1ea3n th\u00e2n. N\u00f3 c\u00f3 &#8220;&#8221;M\u1eb7t g\u1eady Cyclone Cup&#8221;&#8221; \u0111\u1ed9c \u0111\u00e1o, n\u1ed1i c\u00e1c \u0111\u01b0\u1eddng th\u1eb3ng theo [&hellip;]<\/p>","protected":false},"featured_media":5805,"comment_status":"open","ping_status":"closed","template":"","meta":{"_acf_changed":false,"site-sidebar-layout":"default","site-content-layout":"","ast-site-content-layout":"default","site-content-style":"default","site-sidebar-style":"default","ast-global-header-display":"","ast-banner-title-visibility":"","ast-main-header-display":"","ast-hfb-above-header-display":"","ast-hfb-below-header-display":"","ast-hfb-mobile-header-display":"","site-post-title":"","ast-breadcrumbs-content":"","ast-featured-img":"","footer-sml-layout":"","theme-transparent-header-meta":"default","adv-header-id-meta":"","stick-header-meta":"default","header-above-stick-meta":"","header-main-stick-meta":"","header-below-stick-meta":"","astra-migrate-meta-layouts":"set","ast-page-background-enabled":"default","ast-page-background-meta":{"desktop":{"background-color":"","background-image":"","background-repeat":"repeat","background-position":"center center","background-size":"auto","background-attachment":"scroll","background-type":"","background-media":"","overlay-type":"","overlay-color":"","overlay-opacity":"","overlay-gradient":""},"tablet":{"background-color":"","background-image":"","background-repeat":"repeat","background-position":"center center","background-size":"auto","background-attachment":"scroll","background-type":"","background-media":"","overlay-type":"","overlay-color":"","overlay-opacity":"","overlay-gradient":""},"mobile":{"background-color":"","background-image":"","background-repeat":"repeat","background-position":"center center","background-size":"auto","background-attachment":"scroll","background-type":"","background-media":"","overlay-type":"","overlay-color":"","overlay-opacity":"","overlay-gradient":""}},"ast-content-background-meta":{"desktop":{"background-color":"var(--ast-global-color-5)","background-image":"","background-repeat":"repeat","background-position":"center center","background-size":"auto","background-attachment":"scroll","background-type":"","background-media":"","overlay-type":"","overlay-color":"","overlay-opacity":"","overlay-gradient":""},"tablet":{"background-color":"var(--ast-global-color-5)","background-image":"","background-repeat":"repeat","background-position":"center center","background-size":"auto","background-attachment":"scroll","background-type":"","background-media":"","overlay-type":"","overlay-color":"","overlay-opacity":"","overlay-gradient":""},"mobile":{"background-color":"var(--ast-global-color-5)","background-image":"","background-repeat":"repeat","background-position":"center center","background-size":"auto","background-attachment":"scroll","background-type":"","background-media":"","overlay-type":"","overlay-color":"","overlay-opacity":"","overlay-gradient":""}}},"product_cat":[257],"product_tag":[],"class_list":{"0":"post-5791","1":"product","2":"type-product","3":"status-publish","4":"has-post-thumbnail","6":"product_cat-driver","7":"desktop-align-left","8":"tablet-align-left","9":"mobile-align-left","10":"ast-product-gallery-layout-horizontal-slider","11":"ast-magnify-disabled","12":"ast-product-tabs-layout-distributed","14":"first","15":"onbackorder","16":"shipping-taxable","17":"product-type-simple"},"acf":[],"_links":{"self":[{"href":"https:\/\/tlsmajesty.com.vn\/en\/wp-json\/wp\/v2\/product\/5791","targetHints":{"allow":["GET"]}}],"collection":[{"href":"https:\/\/tlsmajesty.com.vn\/en\/wp-json\/wp\/v2\/product"}],"about":[{"href":"https:\/\/tlsmajesty.com.vn\/en\/wp-json\/wp\/v2\/types\/product"}],"replies":[{"embeddable":true,"href":"https:\/\/tlsmajesty.com.vn\/en\/wp-json\/wp\/v2\/comments?post=5791"}],"wp:featuredmedia":[{"embeddable":true,"href":"https:\/\/tlsmajesty.com.vn\/en\/wp-json\/wp\/v2\/media\/5805"}],"wp:attachment":[{"href":"https:\/\/tlsmajesty.com.vn\/en\/wp-json\/wp\/v2\/media?parent=5791"}],"wp:term":[{"taxonomy":"product_cat","embeddable":true,"href":"https:\/\/tlsmajesty.com.vn\/en\/wp-json\/wp\/v2\/product_cat?post=5791"},{"taxonomy":"product_tag","embeddable":true,"href":"https:\/\/tlsmajesty.com.vn\/en\/wp-json\/wp\/v2\/product_tag?post=5791"}],"curies":[{"name":"wp","href":"https:\/\/api.w.org\/{rel}","templated":true}]}}