{"id":5778,"date":"2024-06-07T11:32:15","date_gmt":"2024-06-07T04:32:15","guid":{"rendered":"https:\/\/tlsmajesty.com.vn\/?post_type=product&#038;p=5778"},"modified":"2024-06-12T08:23:05","modified_gmt":"2024-06-12T01:23:05","slug":"majesty-prestigio-13-driver","status":"publish","type":"product","link":"https:\/\/tlsmajesty.com.vn\/en\/product\/majesty-prestigio-13-driver\/","title":{"rendered":"Majesty Prestigio 13 Driver"},"content":{"rendered":"<p>Introducing Majesty Prestigio 13 Driver.<\/p>\n<p>The Majesty Prestigio 13 Driver is a masterpiece of design that symbolizes strength, growth, and success for golfers who challenge themselves. It has a unique \"Cyclone Cup Face\" that connects straight lines in a spiral shape, improving flexibility and reducing the club face's interference. This results in a larger impact area, higher moment of inertia, and more stable trajectory. The club also has a low center of gravity, producing a high and low-spin flight.<\/p>\n<p>The Majesty Prestigio 13 Driver also delivers a comfortable and satisfying sound at impact. The titanium monocoque structure allows for a smooth energy transfer, while the double rail rib increases the sole rigidity, creating a deep and resonant sound. The club also has a Double Power EI Design that helps golfers swing easily and finish smoothly.<\/p>\n<p>The Majesty Prestigio 13 Driver is not only a high-performance club, but also a stylish accessory. It comes with an original head cover with a magnetic closure and a striking bicolor design. It shows off your personality and taste on the golf course.<\/p>\n<p>The Majesty Prestigio 13 Driver is the perfect choice for golfers who want to combine precision and elegance and enjoy a powerful, controlled, and sophisticated game.<\/p>","protected":false},"excerpt":{"rendered":"<p>Gi\u1edbi thi\u1ec7u Driver Majesty Prestigio 13. Majesty Prestigio 13 Driver l\u00e0 m\u1ed9t ki\u1ec7t t\u00e1c thi\u1ebft k\u1ebf t\u01b0\u1ee3ng tr\u01b0ng cho s\u1ee9c m\u1ea1nh, s\u1ef1 ph\u00e1t tri\u1ec3n v\u00e0 th\u00e0nh c\u00f4ng d\u00e0nh cho nh\u1eefng ng\u01b0\u1eddi ch\u01a1i golf th\u1eed th\u00e1ch b\u1ea3n th\u00e2n. N\u00f3 c\u00f3 &#8220;M\u1eb7t c\u1ed1c l\u1ed1c xo\u00e1y&#8221; \u0111\u1ed9c \u0111\u00e1o n\u1ed1i c\u00e1c \u0111\u01b0\u1eddng th\u1eb3ng theo h\u00ecnh xo\u1eafn \u1ed1c, c\u1ea3i thi\u1ec7n [&hellip;]<\/p>","protected":false},"featured_media":5824,"comment_status":"open","ping_status":"closed","template":"","meta":{"_acf_changed":false,"site-sidebar-layout":"default","site-content-layout":"","ast-site-content-layout":"default","site-content-style":"default","site-sidebar-style":"default","ast-global-header-display":"","ast-banner-title-visibility":"","ast-main-header-display":"","ast-hfb-above-header-display":"","ast-hfb-below-header-display":"","ast-hfb-mobile-header-display":"","site-post-title":"","ast-breadcrumbs-content":"","ast-featured-img":"","footer-sml-layout":"","theme-transparent-header-meta":"default","adv-header-id-meta":"","stick-header-meta":"default","header-above-stick-meta":"","header-main-stick-meta":"","header-below-stick-meta":"","astra-migrate-meta-layouts":"set","ast-page-background-enabled":"default","ast-page-background-meta":{"desktop":{"background-color":"","background-image":"","background-repeat":"repeat","background-position":"center center","background-size":"auto","background-attachment":"scroll","background-type":"","background-media":"","overlay-type":"","overlay-color":"","overlay-opacity":"","overlay-gradient":""},"tablet":{"background-color":"","background-image":"","background-repeat":"repeat","background-position":"center center","background-size":"auto","background-attachment":"scroll","background-type":"","background-media":"","overlay-type":"","overlay-color":"","overlay-opacity":"","overlay-gradient":""},"mobile":{"background-color":"","background-image":"","background-repeat":"repeat","background-position":"center center","background-size":"auto","background-attachment":"scroll","background-type":"","background-media":"","overlay-type":"","overlay-color":"","overlay-opacity":"","overlay-gradient":""}},"ast-content-background-meta":{"desktop":{"background-color":"var(--ast-global-color-5)","background-image":"","background-repeat":"repeat","background-position":"center center","background-size":"auto","background-attachment":"scroll","background-type":"","background-media":"","overlay-type":"","overlay-color":"","overlay-opacity":"","overlay-gradient":""},"tablet":{"background-color":"var(--ast-global-color-5)","background-image":"","background-repeat":"repeat","background-position":"center center","background-size":"auto","background-attachment":"scroll","background-type":"","background-media":"","overlay-type":"","overlay-color":"","overlay-opacity":"","overlay-gradient":""},"mobile":{"background-color":"var(--ast-global-color-5)","background-image":"","background-repeat":"repeat","background-position":"center center","background-size":"auto","background-attachment":"scroll","background-type":"","background-media":"","overlay-type":"","overlay-color":"","overlay-opacity":"","overlay-gradient":""}}},"product_cat":[257],"product_tag":[],"class_list":{"0":"post-5778","1":"product","2":"type-product","3":"status-publish","4":"has-post-thumbnail","6":"product_cat-driver","7":"desktop-align-left","8":"tablet-align-left","9":"mobile-align-left","10":"ast-product-gallery-layout-horizontal-slider","11":"ast-magnify-disabled","12":"ast-product-single-variable","13":"ast-product-tabs-layout-distributed","15":"first","16":"onbackorder","17":"shipping-taxable","18":"purchasable","19":"product-type-variable"},"acf":[],"_links":{"self":[{"href":"https:\/\/tlsmajesty.com.vn\/en\/wp-json\/wp\/v2\/product\/5778","targetHints":{"allow":["GET"]}}],"collection":[{"href":"https:\/\/tlsmajesty.com.vn\/en\/wp-json\/wp\/v2\/product"}],"about":[{"href":"https:\/\/tlsmajesty.com.vn\/en\/wp-json\/wp\/v2\/types\/product"}],"replies":[{"embeddable":true,"href":"https:\/\/tlsmajesty.com.vn\/en\/wp-json\/wp\/v2\/comments?post=5778"}],"wp:featuredmedia":[{"embeddable":true,"href":"https:\/\/tlsmajesty.com.vn\/en\/wp-json\/wp\/v2\/media\/5824"}],"wp:attachment":[{"href":"https:\/\/tlsmajesty.com.vn\/en\/wp-json\/wp\/v2\/media?parent=5778"}],"wp:term":[{"taxonomy":"product_cat","embeddable":true,"href":"https:\/\/tlsmajesty.com.vn\/en\/wp-json\/wp\/v2\/product_cat?post=5778"},{"taxonomy":"product_tag","embeddable":true,"href":"https:\/\/tlsmajesty.com.vn\/en\/wp-json\/wp\/v2\/product_tag?post=5778"}],"curies":[{"name":"wp","href":"https:\/\/api.w.org\/{rel}","templated":true}]}}