{"id":5765,"date":"2024-06-07T11:24:20","date_gmt":"2024-06-07T04:24:20","guid":{"rendered":"https:\/\/tlsmajesty.com.vn\/?post_type=product&#038;p=5765"},"modified":"2024-06-12T08:23:44","modified_gmt":"2024-06-12T01:23:44","slug":"majesty-prestigio-13-fairway-wood","status":"publish","type":"product","link":"https:\/\/tlsmajesty.com.vn\/en\/product\/majesty-prestigio-13-fairway-wood\/","title":{"rendered":"Majesty Prestigio 13 Fairway Wood"},"content":{"rendered":"<p>Introducing Majesty Prestigio 13 Ladies Fairway Wood.<\/p>\n<p>The Majesty Prestigio 13 Fairway Wood is designed to give you high and powerful shots with a full tungsten sole.<\/p>\n<p>The Cyclone Face is a spiral-shaped structure that makes the club lighter and more elastic.<\/p>\n<p>The Tungsten Sole lowers the center of gravity, which helps you launch the ball higher.<\/p>\n<p>This fairway wood offers the best combination of high trajectory and responsiveness, which improves your performance on the course.<\/p>\n<p>The club uses ultra-low resin ultra-thin carbon and high-strength carbon, which creates a smooth flex and a crisp, accurate impact.<\/p>\n<p>The Majesty Prestigio 13 Fairway Wood is a product of innovation and performance, where you can enjoy easy and powerful swings that deliver great height and accuracy.<\/p>","protected":false},"excerpt":{"rendered":"<p>Gi\u1edbi thi\u1ec7u g\u1eady Majesty Prestigio 13 Fairway Wood. Majesty Prestigio 13 Fairway Wood \u0111\u01b0\u1ee3c thi\u1ebft k\u1ebf \u0111\u1ec3 mang l\u1ea1i cho b\u1ea1n nh\u1eefng c\u00fa \u0111\u00e1nh cao v\u00e0 m\u1ea1nh m\u1ebd v\u1edbi \u0111\u1ebf vonfram ho\u00e0n to\u00e0n. M\u1eb7t Cyclone l\u00e0 m\u1ed9t c\u1ea5u tr\u00fac h\u00ecnh xo\u1eafn \u1ed1c gi\u00fap g\u1eady nh\u1eb9 h\u01a1n v\u00e0 \u0111\u00e0n h\u1ed3i h\u01a1n. \u0110\u1ebf vonfram h\u1ea1 th\u1ea5p tr\u1ecdng [&hellip;]<\/p>","protected":false},"featured_media":5777,"comment_status":"open","ping_status":"closed","template":"","meta":{"_acf_changed":false,"site-sidebar-layout":"default","site-content-layout":"","ast-site-content-layout":"default","site-content-style":"default","site-sidebar-style":"default","ast-global-header-display":"","ast-banner-title-visibility":"","ast-main-header-display":"","ast-hfb-above-header-display":"","ast-hfb-below-header-display":"","ast-hfb-mobile-header-display":"","site-post-title":"","ast-breadcrumbs-content":"","ast-featured-img":"","footer-sml-layout":"","theme-transparent-header-meta":"default","adv-header-id-meta":"","stick-header-meta":"default","header-above-stick-meta":"","header-main-stick-meta":"","header-below-stick-meta":"","astra-migrate-meta-layouts":"set","ast-page-background-enabled":"default","ast-page-background-meta":{"desktop":{"background-color":"","background-image":"","background-repeat":"repeat","background-position":"center center","background-size":"auto","background-attachment":"scroll","background-type":"","background-media":"","overlay-type":"","overlay-color":"","overlay-opacity":"","overlay-gradient":""},"tablet":{"background-color":"","background-image":"","background-repeat":"repeat","background-position":"center center","background-size":"auto","background-attachment":"scroll","background-type":"","background-media":"","overlay-type":"","overlay-color":"","overlay-opacity":"","overlay-gradient":""},"mobile":{"background-color":"","background-image":"","background-repeat":"repeat","background-position":"center center","background-size":"auto","background-attachment":"scroll","background-type":"","background-media":"","overlay-type":"","overlay-color":"","overlay-opacity":"","overlay-gradient":""}},"ast-content-background-meta":{"desktop":{"background-color":"var(--ast-global-color-5)","background-image":"","background-repeat":"repeat","background-position":"center center","background-size":"auto","background-attachment":"scroll","background-type":"","background-media":"","overlay-type":"","overlay-color":"","overlay-opacity":"","overlay-gradient":""},"tablet":{"background-color":"var(--ast-global-color-5)","background-image":"","background-repeat":"repeat","background-position":"center center","background-size":"auto","background-attachment":"scroll","background-type":"","background-media":"","overlay-type":"","overlay-color":"","overlay-opacity":"","overlay-gradient":""},"mobile":{"background-color":"var(--ast-global-color-5)","background-image":"","background-repeat":"repeat","background-position":"center center","background-size":"auto","background-attachment":"scroll","background-type":"","background-media":"","overlay-type":"","overlay-color":"","overlay-opacity":"","overlay-gradient":""}}},"product_cat":[255],"product_tag":[],"class_list":{"0":"post-5765","1":"product","2":"type-product","3":"status-publish","4":"has-post-thumbnail","6":"product_cat-fairway-wood","7":"desktop-align-left","8":"tablet-align-left","9":"mobile-align-left","10":"ast-product-gallery-layout-horizontal-slider","11":"ast-magnify-disabled","12":"ast-product-single-variable","13":"ast-product-tabs-layout-distributed","15":"first","16":"onbackorder","17":"shipping-taxable","18":"purchasable","19":"product-type-variable"},"acf":[],"_links":{"self":[{"href":"https:\/\/tlsmajesty.com.vn\/en\/wp-json\/wp\/v2\/product\/5765","targetHints":{"allow":["GET"]}}],"collection":[{"href":"https:\/\/tlsmajesty.com.vn\/en\/wp-json\/wp\/v2\/product"}],"about":[{"href":"https:\/\/tlsmajesty.com.vn\/en\/wp-json\/wp\/v2\/types\/product"}],"replies":[{"embeddable":true,"href":"https:\/\/tlsmajesty.com.vn\/en\/wp-json\/wp\/v2\/comments?post=5765"}],"wp:featuredmedia":[{"embeddable":true,"href":"https:\/\/tlsmajesty.com.vn\/en\/wp-json\/wp\/v2\/media\/5777"}],"wp:attachment":[{"href":"https:\/\/tlsmajesty.com.vn\/en\/wp-json\/wp\/v2\/media?parent=5765"}],"wp:term":[{"taxonomy":"product_cat","embeddable":true,"href":"https:\/\/tlsmajesty.com.vn\/en\/wp-json\/wp\/v2\/product_cat?post=5765"},{"taxonomy":"product_tag","embeddable":true,"href":"https:\/\/tlsmajesty.com.vn\/en\/wp-json\/wp\/v2\/product_tag?post=5765"}],"curies":[{"name":"wp","href":"https:\/\/api.w.org\/{rel}","templated":true}]}}