{"id":5764,"date":"2024-06-07T11:19:11","date_gmt":"2024-06-07T04:19:11","guid":{"rendered":"https:\/\/tlsmajesty.com.vn\/?post_type=product&#038;p=5764"},"modified":"2024-06-12T08:23:44","modified_gmt":"2024-06-12T01:23:44","slug":"majesty-prestigio-13-ladies-irons-7-pw-4pcs","status":"publish","type":"product","link":"https:\/\/tlsmajesty.com.vn\/en\/product\/majesty-prestigio-13-ladies-irons-7-pw-4pcs\/","title":{"rendered":"Majesty Prestigio 13 Ladies Irons 7-PW (4pcs)"},"content":{"rendered":"<div class=\"ewa-rteLine\">\n<p>Introducing Majesty Prestigio 13 Iron.<\/p>\n<p>The Majesty Prestigio 13 Iron is a powerful iron that can hit the ball high and far, thanks to a tungsten block in the right place.<\/p>\n<p>The iron has a \"Wide Maraging Steel Face\" that makes the face bigger and more responsive.<\/p>\n<p>The iron has a High-Great Hard Chrome I.P. finish that resists scratches and looks elegant. The tungsten block, which is about twice as heavy as normal, is attached to the side of the sole, which lowers and deepens the center of gravity.<\/p>\n<p>The iron comes with an original head cover that has a bicolor design. It protects the club and adds a touch of luxury and exclusivity.<\/p>\n<p>The Majesty Prestigio 13 Iron is a combination of innovation and sophistication, that delivers excellent performance and precision on the golf course.<\/p>\n<\/div>","protected":false},"excerpt":{"rendered":"<p>Gi\u1edbi thi\u1ec7u Majesty Prestigio 13 Ladies Iron. B\u1ed9 g\u1eady Majesty Prestigio 13 l\u00e0 d\u00f2ng g\u1eady s\u1eaft m\u1ea1nh m\u1ebd, gi\u00fap golfer \u0111\u00e1nh b\u00f3ng \u0111i cao v\u00e0 xa nh\u1edd kh\u1ed1i tungsten \u0111\u01b0\u1ee3c \u0111\u1eb7t \u1edf v\u1ecb tr\u00ed l\u00fd t\u01b0\u1edfng. M\u1eb7t g\u1eady \u0111\u01b0\u1ee3c l\u00e0m t\u1eeb &#8220;Th\u00e9p Maraging M\u1ecfng R\u1ed9ng&#8221; gi\u00fap b\u1ec1 m\u1eb7t g\u1eady to h\u01a1n, gia t\u0103ng \u0111\u1ed9 ph\u1ea3n [&hellip;]<\/p>","protected":false},"featured_media":5768,"comment_status":"open","ping_status":"closed","template":"","meta":{"_acf_changed":false,"site-sidebar-layout":"default","site-content-layout":"","ast-site-content-layout":"default","site-content-style":"default","site-sidebar-style":"default","ast-global-header-display":"","ast-banner-title-visibility":"","ast-main-header-display":"","ast-hfb-above-header-display":"","ast-hfb-below-header-display":"","ast-hfb-mobile-header-display":"","site-post-title":"","ast-breadcrumbs-content":"","ast-featured-img":"","footer-sml-layout":"","theme-transparent-header-meta":"default","adv-header-id-meta":"","stick-header-meta":"default","header-above-stick-meta":"","header-main-stick-meta":"","header-below-stick-meta":"","astra-migrate-meta-layouts":"set","ast-page-background-enabled":"default","ast-page-background-meta":{"desktop":{"background-color":"","background-image":"","background-repeat":"repeat","background-position":"center center","background-size":"auto","background-attachment":"scroll","background-type":"","background-media":"","overlay-type":"","overlay-color":"","overlay-opacity":"","overlay-gradient":""},"tablet":{"background-color":"","background-image":"","background-repeat":"repeat","background-position":"center center","background-size":"auto","background-attachment":"scroll","background-type":"","background-media":"","overlay-type":"","overlay-color":"","overlay-opacity":"","overlay-gradient":""},"mobile":{"background-color":"","background-image":"","background-repeat":"repeat","background-position":"center center","background-size":"auto","background-attachment":"scroll","background-type":"","background-media":"","overlay-type":"","overlay-color":"","overlay-opacity":"","overlay-gradient":""}},"ast-content-background-meta":{"desktop":{"background-color":"var(--ast-global-color-5)","background-image":"","background-repeat":"repeat","background-position":"center center","background-size":"auto","background-attachment":"scroll","background-type":"","background-media":"","overlay-type":"","overlay-color":"","overlay-opacity":"","overlay-gradient":""},"tablet":{"background-color":"var(--ast-global-color-5)","background-image":"","background-repeat":"repeat","background-position":"center center","background-size":"auto","background-attachment":"scroll","background-type":"","background-media":"","overlay-type":"","overlay-color":"","overlay-opacity":"","overlay-gradient":""},"mobile":{"background-color":"var(--ast-global-color-5)","background-image":"","background-repeat":"repeat","background-position":"center center","background-size":"auto","background-attachment":"scroll","background-type":"","background-media":"","overlay-type":"","overlay-color":"","overlay-opacity":"","overlay-gradient":""}}},"product_cat":[258],"product_tag":[],"class_list":{"0":"post-5764","1":"product","2":"type-product","3":"status-publish","4":"has-post-thumbnail","6":"product_cat-iron","7":"desktop-align-left","8":"tablet-align-left","9":"mobile-align-left","10":"ast-product-gallery-layout-horizontal-slider","11":"ast-magnify-disabled","12":"ast-product-single-variable","13":"ast-product-tabs-layout-distributed","15":"first","16":"onbackorder","17":"shipping-taxable","18":"purchasable","19":"product-type-variable"},"acf":[],"_links":{"self":[{"href":"https:\/\/tlsmajesty.com.vn\/en\/wp-json\/wp\/v2\/product\/5764","targetHints":{"allow":["GET"]}}],"collection":[{"href":"https:\/\/tlsmajesty.com.vn\/en\/wp-json\/wp\/v2\/product"}],"about":[{"href":"https:\/\/tlsmajesty.com.vn\/en\/wp-json\/wp\/v2\/types\/product"}],"replies":[{"embeddable":true,"href":"https:\/\/tlsmajesty.com.vn\/en\/wp-json\/wp\/v2\/comments?post=5764"}],"wp:featuredmedia":[{"embeddable":true,"href":"https:\/\/tlsmajesty.com.vn\/en\/wp-json\/wp\/v2\/media\/5768"}],"wp:attachment":[{"href":"https:\/\/tlsmajesty.com.vn\/en\/wp-json\/wp\/v2\/media?parent=5764"}],"wp:term":[{"taxonomy":"product_cat","embeddable":true,"href":"https:\/\/tlsmajesty.com.vn\/en\/wp-json\/wp\/v2\/product_cat?post=5764"},{"taxonomy":"product_tag","embeddable":true,"href":"https:\/\/tlsmajesty.com.vn\/en\/wp-json\/wp\/v2\/product_tag?post=5764"}],"curies":[{"name":"wp","href":"https:\/\/api.w.org\/{rel}","templated":true}]}}