{"id":5735,"date":"2024-06-07T11:04:35","date_gmt":"2024-06-07T04:04:35","guid":{"rendered":"https:\/\/tlsmajesty.com.vn\/?post_type=product&#038;p=5735"},"modified":"2024-06-12T08:23:49","modified_gmt":"2024-06-12T01:23:49","slug":"majesty-prestigio-13-black-irons-7-pw-4pcs","status":"publish","type":"product","link":"https:\/\/tlsmajesty.com.vn\/en\/product\/majesty-prestigio-13-black-irons-7-pw-4pcs\/","title":{"rendered":"Majesty Prestigio 13 Black Irons 7-PW (4pcs)"},"content":{"rendered":"<p>Introducing Majesty Prestigio 13 Irons 7-PW<\/p>\n<p>The Majesty Prestigio 13 Iron is a powerful iron that can hit the ball high and far, thanks to a tungsten block in the right place.<\/p>\n<p>The iron has a \"Wide Maraging Steel Face\" that makes the face bigger and more responsive.<\/p>\n<p>The tungsten block, which is about twice as heavy as normal, is attached to the side of the sole, which lowers and deepens the center of gravity.<\/p>\n<p>The iron has a High-Great Hard Chrome I.P. finish that resists scratches and looks elegant.<\/p>\n<p>The iron is made of ultra-low resin ultra-thin carbon and high-strength carbon, which give it flexibility and responsiveness for accurate impacts.<\/p>\n<p>The iron comes with an original head cover that has a bicolor design. It protects the club and adds a touch of luxury and exclusivity.<\/p>\n<p>The Majesty Prestigio 13 Iron is a combination of innovation and sophistication, that delivers excellent performance and precision on the golf course.<\/p>","protected":false},"excerpt":{"rendered":"<p>Gi\u1edbi thi\u1ec7u g\u1eady Majesty Prestigio 13 Irons 7-PW. G\u1eady Majesty Prestigio 13 Irons 7-PW l\u00e0 g\u1eady Irons m\u1ea1nh m\u1ebd c\u00f3 th\u1ec3 \u0111\u00e1nh b\u00f3ng cao v\u00e0 xa, nh\u1edd kh\u1ed1i tungsten \u1edf v\u1ecb tr\u00ed chu\u1ea9n. G\u1eady Irons c\u00f3 &#8220;M\u1eb7t th\u00e9p Maraging r\u1ed9ng&#8221; gi\u00fap b\u1ec1 m\u1eb7t g\u1eady l\u1edbn h\u01a1n v\u00e0 ph\u1ea3n \u1ee9ng nhanh h\u01a1n. Kh\u1ed1i tungsten, n\u1eb7ng g\u1ea5p [&hellip;]<\/p>","protected":false},"featured_media":5740,"comment_status":"open","ping_status":"closed","template":"","meta":{"_acf_changed":false,"site-sidebar-layout":"default","site-content-layout":"","ast-site-content-layout":"default","site-content-style":"default","site-sidebar-style":"default","ast-global-header-display":"","ast-banner-title-visibility":"","ast-main-header-display":"","ast-hfb-above-header-display":"","ast-hfb-below-header-display":"","ast-hfb-mobile-header-display":"","site-post-title":"","ast-breadcrumbs-content":"","ast-featured-img":"","footer-sml-layout":"","theme-transparent-header-meta":"default","adv-header-id-meta":"","stick-header-meta":"default","header-above-stick-meta":"","header-main-stick-meta":"","header-below-stick-meta":"","astra-migrate-meta-layouts":"set","ast-page-background-enabled":"default","ast-page-background-meta":{"desktop":{"background-color":"","background-image":"","background-repeat":"repeat","background-position":"center center","background-size":"auto","background-attachment":"scroll","background-type":"","background-media":"","overlay-type":"","overlay-color":"","overlay-opacity":"","overlay-gradient":""},"tablet":{"background-color":"","background-image":"","background-repeat":"repeat","background-position":"center center","background-size":"auto","background-attachment":"scroll","background-type":"","background-media":"","overlay-type":"","overlay-color":"","overlay-opacity":"","overlay-gradient":""},"mobile":{"background-color":"","background-image":"","background-repeat":"repeat","background-position":"center center","background-size":"auto","background-attachment":"scroll","background-type":"","background-media":"","overlay-type":"","overlay-color":"","overlay-opacity":"","overlay-gradient":""}},"ast-content-background-meta":{"desktop":{"background-color":"var(--ast-global-color-5)","background-image":"","background-repeat":"repeat","background-position":"center center","background-size":"auto","background-attachment":"scroll","background-type":"","background-media":"","overlay-type":"","overlay-color":"","overlay-opacity":"","overlay-gradient":""},"tablet":{"background-color":"var(--ast-global-color-5)","background-image":"","background-repeat":"repeat","background-position":"center center","background-size":"auto","background-attachment":"scroll","background-type":"","background-media":"","overlay-type":"","overlay-color":"","overlay-opacity":"","overlay-gradient":""},"mobile":{"background-color":"var(--ast-global-color-5)","background-image":"","background-repeat":"repeat","background-position":"center center","background-size":"auto","background-attachment":"scroll","background-type":"","background-media":"","overlay-type":"","overlay-color":"","overlay-opacity":"","overlay-gradient":""}}},"product_cat":[258],"product_tag":[],"class_list":{"0":"post-5735","1":"product","2":"type-product","3":"status-publish","4":"has-post-thumbnail","6":"product_cat-iron","7":"desktop-align-left","8":"tablet-align-left","9":"mobile-align-left","10":"ast-product-gallery-layout-horizontal-slider","11":"ast-magnify-disabled","12":"ast-product-single-variable","13":"ast-product-tabs-layout-distributed","15":"first","16":"onbackorder","17":"shipping-taxable","18":"purchasable","19":"product-type-variable"},"acf":[],"_links":{"self":[{"href":"https:\/\/tlsmajesty.com.vn\/en\/wp-json\/wp\/v2\/product\/5735","targetHints":{"allow":["GET"]}}],"collection":[{"href":"https:\/\/tlsmajesty.com.vn\/en\/wp-json\/wp\/v2\/product"}],"about":[{"href":"https:\/\/tlsmajesty.com.vn\/en\/wp-json\/wp\/v2\/types\/product"}],"replies":[{"embeddable":true,"href":"https:\/\/tlsmajesty.com.vn\/en\/wp-json\/wp\/v2\/comments?post=5735"}],"wp:featuredmedia":[{"embeddable":true,"href":"https:\/\/tlsmajesty.com.vn\/en\/wp-json\/wp\/v2\/media\/5740"}],"wp:attachment":[{"href":"https:\/\/tlsmajesty.com.vn\/en\/wp-json\/wp\/v2\/media?parent=5735"}],"wp:term":[{"taxonomy":"product_cat","embeddable":true,"href":"https:\/\/tlsmajesty.com.vn\/en\/wp-json\/wp\/v2\/product_cat?post=5735"},{"taxonomy":"product_tag","embeddable":true,"href":"https:\/\/tlsmajesty.com.vn\/en\/wp-json\/wp\/v2\/product_tag?post=5735"}],"curies":[{"name":"wp","href":"https:\/\/api.w.org\/{rel}","templated":true}]}}